{"id":67,"date":"2026-02-20T23:26:01","date_gmt":"2026-02-20T22:26:01","guid":{"rendered":"https:\/\/v2.lycee-alfredcostes.fr\/index.php\/contact\/"},"modified":"2026-02-20T23:26:01","modified_gmt":"2026-02-20T22:26:01","slug":"contact","status":"publish","type":"page","link":"https:\/\/v2.lycee-alfredcostes.fr\/index.php\/contact\/","title":{"rendered":"Contact"},"content":{"rendered":"<div class=\"max-w-[1200px] mx-auto px-6 py-24 text-center\">\n    <span class=\"material-symbols-outlined text-[120px] text-primary opacity-20 mb-8 block\">construction<\/span><\/p>\n<h1 class=\"text-4xl md:text-6xl font-black uppercase text-slate-900 dark:text-white mb-6\">Page en cours de construction<\/h1>\n<p class=\"text-lg text-slate-500 dark:text-slate-400 max-w-2xl mx-auto mb-12\">\n        Notre \u00e9quipe travaille actuellement sur cette page pour vous fournir les informations n\u00e9cessaires. Merci de revenir tr\u00e8s vite !\n    <\/p>\n<p>    <a href=\"https:\/\/v2.lycee-alfredcostes.fr\" class=\"inline-flex items-center gap-2 bg-primary text-white font-bold py-3 px-8 rounded-lg hover:scale-105 transition-transform\"><br \/>\n        <span class=\"material-symbols-outlined\">home<\/span> Retour \u00e0 l&rsquo;accueil<br \/>\n    <\/a>\n<\/div>\n","protected":false},"excerpt":{"rendered":"<p>construction Page en cours de construction Notre \u00e9quipe travaille actuellement sur cette page pour vous fournir les informations n\u00e9cessaires. Merci de revenir tr\u00e8s vite ! home Retour \u00e0 l&rsquo;accueil<\/p>\n","protected":false},"author":0,"featured_media":0,"parent":0,"menu_order":0,"comment_status":"closed","ping_status":"closed","template":"page-contact.php","meta":{"footnotes":""},"class_list":["post-67","page","type-page","status-publish","hentry"],"_links":{"self":[{"href":"https:\/\/v2.lycee-alfredcostes.fr\/index.php\/wp-json\/wp\/v2\/pages\/67","targetHints":{"allow":["GET"]}}],"collection":[{"href":"https:\/\/v2.lycee-alfredcostes.fr\/index.php\/wp-json\/wp\/v2\/pages"}],"about":[{"href":"https:\/\/v2.lycee-alfredcostes.fr\/index.php\/wp-json\/wp\/v2\/types\/page"}],"replies":[{"embeddable":true,"href":"https:\/\/v2.lycee-alfredcostes.fr\/index.php\/wp-json\/wp\/v2\/comments?post=67"}],"version-history":[{"count":0,"href":"https:\/\/v2.lycee-alfredcostes.fr\/index.php\/wp-json\/wp\/v2\/pages\/67\/revisions"}],"wp:attachment":[{"href":"https:\/\/v2.lycee-alfredcostes.fr\/index.php\/wp-json\/wp\/v2\/media?parent=67"}],"curies":[{"name":"wp","href":"https:\/\/api.w.org\/{rel}","templated":true}]}}