{"id":63,"date":"2026-02-19T20:52:52","date_gmt":"2026-02-19T19:52:52","guid":{"rendered":"https:\/\/v2.lycee-alfredcostes.fr\/index.php\/mentions-legales\/"},"modified":"2026-02-20T18:22:14","modified_gmt":"2026-02-20T17:22:14","slug":"mentions-legales","status":"publish","type":"page","link":"https:\/\/v2.lycee-alfredcostes.fr\/index.php\/mentions-legales\/","title":{"rendered":"Mentions L\u00e9gales"},"content":{"rendered":"<div class=\"max-w-4xl mx-auto px-6 py-12 prose prose-slate dark:prose-invert\">\n    <span class=\"text-primary font-semibold tracking-widest uppercase text-sm mb-4 flex items-center gap-2\"><br \/>\n        <span class=\"w-2 h-2 rounded-full bg-primary\"><\/span><br \/>\n        Informations l\u00e9gales<br \/>\n    <\/span><\/p>\n<h1 class=\"text-4xl md:text-5xl font-bold mb-8\">Mentions L\u00e9gales<\/h1>\n<h2>1. \u00c9diteur du site<\/h2>\n<p>\n        <strong>Lyc\u00e9e polyvalent Alfred Costes<\/strong><br \/>\n        Adresse : 146, avenue Henri Barbusse, 93000 Bobigny<br \/>\n        T\u00e9l\u00e9phone : 01 48 96 24 24<br \/>\n        Email : ce.0931198x@ac-creteil.fr\n    <\/p>\n<h2>2. Directeur de la publication<\/h2>\n<p>\n        <strong>Mme JOURN\u00c9E Aur\u00e9lie<\/strong>, en sa qualit\u00e9 de Proviseure du Lyc\u00e9e Alfred Costes.\n    <\/p>\n<h2>3. H\u00e9bergement<\/h2>\n<p>\n        Ce site est h\u00e9berg\u00e9 par :<br \/>\n        <strong>OVH<\/strong><br \/>\n        SAS au capital de 10 174 560 \u20ac<br \/>\n        RCS Lille M\u00e9tropole 424 761 419 00045<br \/>\n        Si\u00e8ge social : 2 rue Kellermann &#8211; 59100 Roubaix &#8211; France<br \/>\n        Site web : <a href=\"https:\/\/www.ovh.com\" target=\"_blank\" rel=\"noopener noreferrer\">www.ovh.com<\/a>\n    <\/p>\n<h2>4. Propri\u00e9t\u00e9 intellectuelle<\/h2>\n<p>\n        L&rsquo;ensemble de ce site rel\u00e8ve de la l\u00e9gislation fran\u00e7aise et internationale sur le droit d&rsquo;auteur et la propri\u00e9t\u00e9 intellectuelle. Tous les droits de reproduction sont r\u00e9serv\u00e9s, y compris pour les documents t\u00e9l\u00e9chargeables et les repr\u00e9sentations iconographiques et photographiques.\n    <\/p>\n<h2>5. Donn\u00e9es personnelles<\/h2>\n<p>\n        Pour plus d&rsquo;informations sur la mani\u00e8re dont nous traitons vos donn\u00e9es, veuillez consulter notre <a href=\"\/politique-confidentialite\/\">Politique de Confidentialit\u00e9<\/a>.\n    <\/p>\n<\/div>\n","protected":false},"excerpt":{"rendered":"<p>Informations l\u00e9gales Mentions L\u00e9gales 1. \u00c9diteur du site Lyc\u00e9e polyvalent Alfred Costes Adresse : 146, avenue Henri Barbusse, 93000 Bobigny T\u00e9l\u00e9phone : 01 48 96 24 24 Email : ce.0931198x@ac-creteil.fr 2. Directeur de la publication Mme JOURN\u00c9E Aur\u00e9lie, en sa qualit\u00e9 de Proviseure du Lyc\u00e9e Alfred Costes. 3. H\u00e9bergement Ce site est h\u00e9berg\u00e9 par : [&hellip;]<\/p>\n","protected":false},"author":0,"featured_media":0,"parent":0,"menu_order":0,"comment_status":"closed","ping_status":"closed","template":"","meta":{"footnotes":""},"class_list":["post-63","page","type-page","status-publish","hentry"],"_links":{"self":[{"href":"https:\/\/v2.lycee-alfredcostes.fr\/index.php\/wp-json\/wp\/v2\/pages\/63","targetHints":{"allow":["GET"]}}],"collection":[{"href":"https:\/\/v2.lycee-alfredcostes.fr\/index.php\/wp-json\/wp\/v2\/pages"}],"about":[{"href":"https:\/\/v2.lycee-alfredcostes.fr\/index.php\/wp-json\/wp\/v2\/types\/page"}],"replies":[{"embeddable":true,"href":"https:\/\/v2.lycee-alfredcostes.fr\/index.php\/wp-json\/wp\/v2\/comments?post=63"}],"version-history":[{"count":1,"href":"https:\/\/v2.lycee-alfredcostes.fr\/index.php\/wp-json\/wp\/v2\/pages\/63\/revisions"}],"predecessor-version":[{"id":66,"href":"https:\/\/v2.lycee-alfredcostes.fr\/index.php\/wp-json\/wp\/v2\/pages\/63\/revisions\/66"}],"wp:attachment":[{"href":"https:\/\/v2.lycee-alfredcostes.fr\/index.php\/wp-json\/wp\/v2\/media?parent=63"}],"curies":[{"name":"wp","href":"https:\/\/api.w.org\/{rel}","templated":true}]}}